{"id":167,"date":"2025-09-25T15:40:57","date_gmt":"2025-09-25T15:40:57","guid":{"rendered":"https:\/\/alborada.online\/clubdeportivo\/?page_id=167"},"modified":"2025-11-27T13:20:13","modified_gmt":"2025-11-27T16:20:13","slug":"quienes-somos","status":"publish","type":"page","link":"https:\/\/alborada.online\/clubdeportivo\/quienes-somos\/","title":{"rendered":"Qui\u00e9nes Somos"},"content":{"rendered":"<div data-colibri-id=\"167-c1\" class=\"style-583 style-local-167-c1 position-relative\">\n  <!---->\n  <div data-colibri-component=\"section\" data-colibri-id=\"167-c2\" id=\"about\" class=\"h-section h-section-global-spacing d-flex align-items-lg-center align-items-md-center align-items-center style-584 style-local-167-c2 position-relative\">\n    <!---->\n    <!---->\n    <div class=\"h-section-grid-container h-section-boxed-container\">\n      <!---->\n      <div data-colibri-id=\"167-c3\" class=\"h-row-container gutters-row-lg-2 gutters-row-md-2 gutters-row-2 gutters-row-v-lg-2 gutters-row-v-md-2 gutters-row-v-2 style-585 style-local-167-c3 position-relative\">\n        <!---->\n        <div class=\"h-row justify-content-lg-center justify-content-md-center justify-content-center align-items-lg-stretch align-items-md-stretch align-items-stretch gutters-col-lg-2 gutters-col-md-2 gutters-col-2 gutters-col-v-lg-2 gutters-col-v-md-2 gutters-col-v-2\">\n          <!---->\n          <div class=\"h-column h-column-container d-flex h-col-lg-auto h-col-md-auto h-col-auto style-586-outer style-local-167-c4-outer\">\n            <div data-colibri-id=\"167-c4\" class=\"d-flex h-flex-basis h-column__inner h-px-lg-2 h-px-md-2 h-px-2 v-inner-lg-2 v-inner-md-2 v-inner-2 style-586 style-local-167-c4 position-relative\">\n              <!---->\n              <!---->\n              <div class=\"w-100 h-y-container h-column__content h-column__v-align flex-basis-100 align-self-lg-center align-self-md-center align-self-center\">\n                <!---->\n                <div data-colibri-id=\"167-c5\" class=\"h-global-transition-all h-heading style-587 style-local-167-c5 position-relative h-element\">\n                  <!---->\n                  <div class=\"h-heading__outer style-587 style-local-167-c5\">\n                    <!---->\n                    <!---->\n                    <h5 class=\"\">Qui\u00e9nes Somos<\/h5>\n                  <\/div>\n                <\/div>\n                <div data-colibri-id=\"167-c6\" class=\"h-global-transition-all h-heading style-588 style-local-167-c6 position-relative h-element\">\n                  <!---->\n                  <div class=\"h-heading__outer style-588 style-local-167-c6\">\n                    <!---->\n                    <!---->\n                    <h2 class=\"\">Club Deportivo&nbsp;<em style=\"font-family: &quot;Playfair Display&quot;; color: rgb(247, 144, 7);\">Alborada <\/em>de&nbsp;<em style=\"font-family: &quot;Playfair Display&quot;; color: rgb(247, 144, 7);\">Linares<\/em><\/h2>\n                  <\/div>\n                <\/div>\n                <div data-colibri-id=\"167-c7\" class=\"h-text h-text-component style-589 style-local-167-c7 position-relative h-element\">\n                  <!---->\n                  <!---->\n                  <div class=\"\">\n                    <p>El <strong>Club Deportivo Alborada<\/strong> nace en el coraz\u00f3n del <strong>Colegio Alborada de Linares<\/strong> con el prop\u00f3sito de fomentar el deporte, la vida saludable y los valores que se construyen en torno al trabajo en equipo,\n                      la disciplina y el respeto.<\/p>\n                    <p>Nuestro club est\u00e1 conformado por diversas ramas deportivas que ofrecen a nuestros estudiantes la posibilidad de descubrir y desarrollar sus talentos en distintas \u00e1reas. Entre ellas destacan <strong>Ajedrez, F\u00fatbol, Voleibol, Taekwondo y Gimnasia Art\u00edstica<\/strong>,\n                      adem\u00e1s de otras disciplinas que enriquecen la formaci\u00f3n integral de nuestros alumnos.<\/p>\n                    <p>M\u00e1s que un espacio de competencia, el Club Deportivo Alborada es una comunidad que impulsa la superaci\u00f3n personal, el compa\u00f1erismo y el orgullo de representar a nuestro colegio en cada torneo y encuentro deportivo.<\/p>\n                  <\/div>\n                <\/div>\n              <\/div>\n            <\/div>\n          <\/div>\n          <div class=\"h-column h-column-container d-flex h-col-lg-auto h-col-md-auto h-col-auto style-592-outer style-local-167-c8-outer\">\n            <div data-colibri-id=\"167-c8\" class=\"d-flex h-flex-basis h-column__inner h-px-lg-2 h-px-md-2 h-px-2 v-inner-lg-2 v-inner-md-2 v-inner-2 style-592 style-local-167-c8 position-relative\">\n              <!---->\n              <!---->\n              <div class=\"w-100 h-y-container h-column__content h-column__v-align flex-basis-100 align-self-lg-center align-self-md-center align-self-center\">\n                <!---->\n                <div data-colibri-id=\"167-c9\" class=\"d-block style-593 style-local-167-c9 position-relative h-element\">\n                  <!---->\n                  <div class=\"h-image__frame-container-outer\">\n                    <div class=\"h-image__frame-container\">\n                      <!---->\n                      <!---->\n                      <img decoding=\"async\" src=\"https:\/\/alborada.online\/clubdeportivo\/wp-content\/uploads\/2025\/08\/LOGO-CLUB.png\" class=\"style-593-image style-local-167-c9-image\">\n                      <div class=\"h-image__frame h-hide-sm style-593-frameImage style-local-167-c9-frameImage\"><\/div>\n                    <\/div>\n                  <\/div>\n                <\/div>\n              <\/div>\n            <\/div>\n          <\/div>\n        <\/div>\n      <\/div>\n    <\/div>\n  <\/div>\n<\/div>","protected":false},"excerpt":{"rendered":"<p>Qui\u00e9nes Somos Club Deportivo&nbsp;Alborada de&nbsp;Linares El Club Deportivo Alborada nace en el coraz\u00f3n del Colegio Alborada de Linares con el prop\u00f3sito de fomentar el deporte, la vida saludable y los valores que se construyen en torno al trabajo en equipo, la disciplina y el respeto. Nuestro club est\u00e1 conformado por diversas ramas deportivas que ofrecen [&hellip;]<\/p>\n","protected":false},"author":1,"featured_media":0,"parent":0,"menu_order":0,"comment_status":"closed","ping_status":"closed","template":"page-templates\/full-width-page.php","meta":{"footnotes":""},"class_list":["post-167","page","type-page","status-publish","hentry"],"_links":{"self":[{"href":"https:\/\/alborada.online\/clubdeportivo\/wp-json\/wp\/v2\/pages\/167","targetHints":{"allow":["GET"]}}],"collection":[{"href":"https:\/\/alborada.online\/clubdeportivo\/wp-json\/wp\/v2\/pages"}],"about":[{"href":"https:\/\/alborada.online\/clubdeportivo\/wp-json\/wp\/v2\/types\/page"}],"author":[{"embeddable":true,"href":"https:\/\/alborada.online\/clubdeportivo\/wp-json\/wp\/v2\/users\/1"}],"replies":[{"embeddable":true,"href":"https:\/\/alborada.online\/clubdeportivo\/wp-json\/wp\/v2\/comments?post=167"}],"version-history":[{"count":5,"href":"https:\/\/alborada.online\/clubdeportivo\/wp-json\/wp\/v2\/pages\/167\/revisions"}],"predecessor-version":[{"id":921,"href":"https:\/\/alborada.online\/clubdeportivo\/wp-json\/wp\/v2\/pages\/167\/revisions\/921"}],"wp:attachment":[{"href":"https:\/\/alborada.online\/clubdeportivo\/wp-json\/wp\/v2\/media?parent=167"}],"curies":[{"name":"wp","href":"https:\/\/api.w.org\/{rel}","templated":true}]}}