{"id":303,"date":"2025-06-02T03:33:47","date_gmt":"2025-06-02T03:33:47","guid":{"rendered":"https:\/\/alborada.online\/exalumnos\/?page_id=303"},"modified":"2025-07-22T16:05:16","modified_gmt":"2025-07-22T16:05:16","slug":"bolsa-de-empleo","status":"publish","type":"page","link":"https:\/\/alborada.online\/exalumnos\/bolsa-de-empleo\/","title":{"rendered":"BOLSA DE EMPLEO"},"content":{"rendered":"<div data-colibri-id=\"303-c1\" class=\"style-568 style-local-303-c1 position-relative\">\n  <!---->\n  <div data-colibri-component=\"section\" data-colibri-id=\"303-c2\" id=\"about\" class=\"h-section h-section-global-spacing d-flex align-items-lg-center align-items-md-center align-items-center style-592 style-local-303-c2 position-relative\">\n    <div class=\"background-wrapper\">\n      <div class=\"background-layer background-layer-media-container-lg\">\n        <!---->\n        <div class=\"overlay-layer\">\n          <div class=\"overlay-image-layer\" style=\"background-image: linear-gradient(90deg, rgb(255, 255, 255) 29%, rgba(69, 58, 148, 0) 87%);\"><\/div>\n        <\/div>\n      <\/div>\n      <div class=\"background-layer background-layer-media-container-md\">\n        <!---->\n        <div class=\"overlay-layer\">\n          <div class=\"overlay-image-layer\" style=\"background-image: linear-gradient(90deg, rgb(255, 255, 255) 29%, rgba(69, 58, 148, 0) 87%);\"><\/div>\n        <\/div>\n      <\/div>\n      <div class=\"background-layer background-layer-media-container\">\n        <!---->\n        <div class=\"overlay-layer\">\n          <div class=\"overlay-image-layer\" style=\"background-image: linear-gradient(90deg, rgb(255, 255, 255) 29%, rgba(69, 58, 148, 0) 87%);\"><\/div>\n        <\/div>\n      <\/div>\n    <\/div>\n    <!---->\n    <div class=\"h-section-grid-container h-section-boxed-container\">\n      <!---->\n      <div data-colibri-id=\"303-c3\" class=\"h-row-container gutters-row-lg-2 gutters-row-md-2 gutters-row-2 gutters-row-v-lg-2 gutters-row-v-md-2 gutters-row-v-2 style-593 style-local-303-c3 position-relative\">\n        <!---->\n        <div class=\"h-row justify-content-lg-start justify-content-md-start justify-content-start align-items-lg-stretch align-items-md-stretch align-items-stretch gutters-col-lg-2 gutters-col-md-2 gutters-col-2 gutters-col-v-lg-2 gutters-col-v-md-2 gutters-col-v-2\">\n          <!---->\n          <div class=\"h-column h-column-container d-flex h-col-lg-auto h-col-md-auto h-col-auto style-594-outer style-local-303-c4-outer\">\n            <div data-colibri-id=\"303-c4\" class=\"d-flex h-flex-basis h-column__inner h-px-lg-0 h-px-md-0 h-px-0 v-inner-lg-0 v-inner-md-0 v-inner-0 style-594 style-local-303-c4 position-relative\">\n              <!---->\n              <!---->\n              <div class=\"w-100 h-y-container h-column__content h-column__v-align flex-basis-100 align-self-lg-center align-self-md-center align-self-center\">\n                <!---->\n                <div data-colibri-id=\"303-c5\" class=\"h-global-transition-all h-heading style-595 style-local-303-c5 position-relative h-element\">\n                  <!---->\n                  <div class=\"h-heading__outer style-595 style-local-303-c5\">\n                    <!---->\n                    <!---->\n                    <h6 class=\"\">Conoce todas las oportunidades laborales en nuestra<\/h6>\n                  <\/div>\n                <\/div>\n                <div data-colibri-id=\"303-c6\" class=\"h-global-transition-all h-heading style-596 style-local-303-c6 position-relative h-element\">\n                  <!---->\n                  <div class=\"h-heading__outer style-596 style-local-303-c6\">\n                    <!---->\n                    <!---->\n                    <h2 class=\"\"><span style=\"font-weight: 300;\">Bolsa de<\/span> <em style=\"font-family: &quot;Playfair Display&quot;; font-weight: 400; color: rgb(59, 191, 233);\">Empleo<\/em><span style=\"color: rgb(59, 191, 233);\">&nbsp;<\/span><\/h2>\n                  <\/div>\n                <\/div>\n              <\/div>\n            <\/div>\n          <\/div>\n        <\/div>\n      <\/div>\n    <\/div>\n  <\/div>\n  <div data-colibri-component=\"section\" data-colibri-id=\"303-c7\" id=\"cta-3\" class=\"h-section h-section-global-spacing d-flex align-items-lg-center align-items-md-center align-items-center style-680 style-local-303-c7 position-relative\">\n    <div class=\"background-wrapper\">\n      <div class=\"background-layer background-layer-media-container-lg\">\n        <!---->\n        <div class=\"overlay-layer\">\n          <div class=\"overlay-image-layer\" style=\"background-color: rgb(0, 0, 0); opacity: 0.5;\"><\/div>\n        <\/div>\n      <\/div>\n      <div class=\"background-layer background-layer-media-container-md\">\n        <!---->\n        <div class=\"overlay-layer\">\n          <div class=\"overlay-image-layer\" style=\"background-color: rgb(0, 0, 0); opacity: 0.5;\"><\/div>\n        <\/div>\n      <\/div>\n      <div class=\"background-layer background-layer-media-container\">\n        <!---->\n        <div class=\"overlay-layer\">\n          <div class=\"overlay-image-layer\" style=\"background-color: rgb(0, 0, 0); opacity: 0.5;\"><\/div>\n        <\/div>\n      <\/div>\n    <\/div>\n    <!---->\n    <div class=\"h-section-grid-container h-section-boxed-container\">\n      <!---->\n      <div data-colibri-id=\"303-c8\" class=\"h-row-container gutters-row-lg-2 gutters-row-md-2 gutters-row-0 gutters-row-v-lg-2 gutters-row-v-md-2 gutters-row-v-2 style-681 style-local-303-c8 position-relative\">\n        <!---->\n        <div class=\"h-row justify-content-lg-center justify-content-md-center justify-content-center align-items-lg-stretch align-items-md-stretch align-items-stretch gutters-col-lg-2 gutters-col-md-2 gutters-col-0 gutters-col-v-lg-2 gutters-col-v-md-2 gutters-col-v-2\">\n          <!---->\n          <div class=\"h-column h-column-container d-flex h-col-lg h-col-md h-col-auto style-682-outer style-local-303-c9-outer\">\n            <div data-colibri-id=\"303-c9\" class=\"d-flex h-flex-basis h-column__inner h-px-lg-0 h-px-md-0 h-px-2 v-inner-lg-0 v-inner-md-0 v-inner-2 style-682 style-local-303-c9 position-relative\">\n              <!---->\n              <!---->\n              <div class=\"w-100 h-y-container h-column__content h-column__v-align flex-basis-100 align-self-lg-center align-self-md-center align-self-center\">\n                <!---->\n                <div data-colibri-id=\"303-c10\" class=\"h-global-transition-all h-heading style-683 style-local-303-c10 position-relative h-element\">\n                  <!---->\n                  <div class=\"h-heading__outer style-683 style-local-303-c10\">\n                    <!---->\n                    <!---->\n                    <h2 class=\"\">\u00bfTienes un empleo para ofrecer? <span style=\"font-weight: 400;\">Comp\u00e1rtelo ac\u00e1<\/span><\/h2>\n                  <\/div>\n                <\/div>\n              <\/div>\n            <\/div>\n          <\/div>\n          <div class=\"h-column h-column-container d-flex h-col-lg-auto h-col-md-auto h-col-auto style-684-outer style-local-303-c11-outer\">\n            <div data-colibri-id=\"303-c11\" class=\"d-flex h-flex-basis h-column__inner h-px-lg-0 h-px-md-0 h-px-2 v-inner-lg-0 v-inner-md-0 v-inner-2 style-684 style-local-303-c11 position-relative\">\n              <!---->\n              <!---->\n              <div class=\"w-100 h-y-container h-column__content h-column__v-align flex-basis-100 align-self-lg-center align-self-md-center align-self-center\">\n                <!---->\n                <div data-colibri-id=\"303-c12\" class=\"h-x-container style-685 style-local-303-c12 position-relative h-element\">\n                  <!---->\n                  <div class=\"h-x-container-inner style-dynamic-303-c12-group style-685-spacing style-local-303-c12-spacing\"><span class=\"h-button__outer style-686-outer style-local-303-c13-outer d-inline-flex h-element\"><a h-use-smooth-scroll=\"true\" href=\"https:\/\/alborada.online\/exalumnos\/formulario-bolsa-de-empleo\/\"  data-colibri-id=\"303-c13\" class=\"d-flex w-100 align-items-center h-button justify-content-lg-center justify-content-md-center justify-content-center style-686 style-local-303-c13 position-relative\"><!----><!----> <span>NUEVO EMPLEO<\/span><\/a>\n                    <\/span>\n                  <\/div>\n                <\/div>\n              <\/div>\n            <\/div>\n          <\/div>\n        <\/div>\n      <\/div>\n    <\/div>\n  <\/div>\n  <div data-colibri-component=\"section\" data-colibri-id=\"303-c14\" id=\"cta-2\" class=\"h-section h-section-global-spacing d-flex align-items-lg-center align-items-md-center align-items-center style-582 style-local-303-c14 position-relative\">\n    <!---->\n    <!---->\n    <div class=\"h-section-grid-container h-section-boxed-container\">\n      <!---->\n      <div data-colibri-id=\"303-c15\" class=\"h-row-container gutters-row-lg-2 gutters-row-md-2 gutters-row-2 gutters-row-v-lg-2 gutters-row-v-md-2 gutters-row-v-2 style-583 style-local-303-c15 position-relative\">\n        <!---->\n        <div class=\"h-row justify-content-lg-center justify-content-md-center justify-content-center align-items-lg-stretch align-items-md-stretch align-items-stretch gutters-col-lg-2 gutters-col-md-2 gutters-col-2 gutters-col-v-lg-2 gutters-col-v-md-2 gutters-col-v-2\">\n          <!---->\n          <div class=\"h-column h-column-container d-flex h-col-lg-auto h-col-md-auto h-col-auto style-584-outer style-local-303-c16-outer\">\n            <div data-colibri-id=\"303-c16\" class=\"d-flex h-flex-basis h-column__inner h-px-lg-2 h-px-md-2 h-px-2 v-inner-lg-2 v-inner-md-2 v-inner-2 style-584 style-local-303-c16 position-relative\">\n              <!---->\n              <!---->\n              <div class=\"w-100 h-y-container h-column__content h-column__v-align flex-basis-100 align-self-lg-start align-self-md-start align-self-start\">\n                <!---->\n                <div data-colibri-id=\"303-c17\" class=\"h-row-container gutters-row-lg-0 gutters-row-md-0 gutters-row-0 gutters-row-v-lg-0 gutters-row-v-md-0 gutters-row-v-0 style-585 style-local-303-c17 position-relative\">\n                  <!---->\n                  <div class=\"h-row justify-content-lg-center justify-content-md-center justify-content-center align-items-lg-stretch align-items-md-stretch align-items-stretch gutters-col-lg-0 gutters-col-md-0 gutters-col-0 gutters-col-v-lg-0 gutters-col-v-md-0 gutters-col-v-0\">\n                    <!---->\n                    <div class=\"h-column h-column-container d-flex h-col-lg-auto h-col-md-auto h-col-auto style-586-outer style-local-303-c18-outer\">\n                      <div data-colibri-id=\"303-c18\" class=\"d-flex h-flex-basis h-column__inner h-ui-empty-state-container h-px-lg-0 h-px-md-0 h-px-0 v-inner-lg-0 v-inner-md-0 v-inner-0 style-586 style-local-303-c18 position-relative\">\n                        <div class=\"background-wrapper\">\n                          <div class=\"background-layer background-layer-media-container-lg\">\n                            <!---->\n                            <div class=\"overlay-layer\">\n                              <div class=\"overlay-image-layer\" style=\"background-image: linear-gradient(10deg, rgba(255, 255, 255, 0) 0%, rgb(255, 255, 255) 100%);\"><\/div>\n                            <\/div>\n                          <\/div>\n                          <div class=\"background-layer background-layer-media-container-md\">\n                            <!---->\n                            <div class=\"overlay-layer\">\n                              <div class=\"overlay-image-layer\" style=\"background-image: linear-gradient(10deg, rgba(255, 255, 255, 0) 0%, rgb(255, 255, 255) 100%);\"><\/div>\n                            <\/div>\n                          <\/div>\n                          <div class=\"background-layer background-layer-media-container\">\n                            <!---->\n                            <div class=\"overlay-layer\">\n                              <div class=\"overlay-image-layer\" style=\"background-image: linear-gradient(10deg, rgba(255, 255, 255, 0) 0%, rgb(255, 255, 255) 100%);\"><\/div>\n                            <\/div>\n                          <\/div>\n                        <\/div>\n                        <!---->\n                        <div class=\"w-100 h-y-container h-column__content h-column__v-align flex-basis-100\">\n                          <!---->\n                        <\/div>\n                      <\/div>\n                    <\/div>\n                    <div class=\"h-column h-column-container d-flex h-col-lg-auto h-col-md-auto h-col-auto style-587-outer style-local-303-c19-outer\">\n                      <div data-colibri-id=\"303-c19\" class=\"d-flex h-flex-basis h-column__inner h-px-lg-2 h-px-md-2 h-px-2 v-inner-lg-2 v-inner-md-2 v-inner-2 style-587 style-local-303-c19 position-relative\">\n                        <!---->\n                        <!---->\n                        <div class=\"w-100 h-y-container h-column__content h-column__v-align flex-basis-100 align-self-lg-center align-self-md-center align-self-center\">\n                          <!---->\n                          <div data-colibri-id=\"303-c20\" class=\"h-global-transition-all h-heading style-588 style-local-303-c20 position-relative h-element\">\n                            <!---->\n                            <div class=\"h-heading__outer style-588 style-local-303-c20\">\n                              <!---->\n                              <!---->\n                              <h2 class=\"\">Panaderia Del Piero busca&nbsp;<span style=\"font-weight: 600;\">Maestro Panadero<\/span><\/h2>\n                            <\/div>\n                          <\/div>\n                          <div data-colibri-id=\"303-c21\" class=\"h-lead h-text h-text-component style-589 style-local-303-c21 position-relative h-element\">\n                            <!---->\n                            <!---->\n                            <div class=\"\">\n                              <p><strong>Requisitos:<\/strong><\/p>\n                              <ul>\n                                <li>Experiencia comprobable en panader\u00eda artesanal o tradicional<\/li>\n                                <li>Conocimiento en masas madre, fermentaci\u00f3n y horneado<\/li>\n                                <li>Puntualidad, responsabilidad y trabajo en equipo<\/li>\n                                <li>Disponibilidad para turnos temprano en la ma\u00f1ana<\/li>\n                              <\/ul>\n                              <p><strong>Ofrecemos:<\/strong><\/p>\n                              <ul>\n                                <li>Buen ambiente laboral y equipo comprometido<\/li>\n                                <li>Cocina equipada y espacio creativo<\/li>\n                                <li>Sueldo acorde a experiencia + beneficios<\/li>\n                                <li>Estabilidad laboral y posibilidades de crecimiento<\/li>\n                              <\/ul>\n                              <p>\n                                <br>\n                              <\/p>\n                            <\/div>\n                          <\/div>\n                          <div data-colibri-id=\"303-c22\" class=\"h-x-container style-590 style-local-303-c22 position-relative h-element\">\n                            <!---->\n                            <div class=\"h-x-container-inner style-dynamic-303-c22-group style-590-spacing style-local-303-c22-spacing\"><span class=\"h-button__outer style-591-outer style-local-303-c23-outer d-inline-flex h-element\"><a h-use-smooth-scroll=\"true\" href=\"\"  data-colibri-id=\"303-c23\" class=\"d-flex w-100 align-items-center h-button justify-content-lg-center justify-content-md-center justify-content-center style-591 style-local-303-c23 position-relative\"><!----><!----> <span>contacto<\/span><\/a>\n                              <\/span>\n                            <\/div>\n                          <\/div>\n                        <\/div>\n                      <\/div>\n                    <\/div>\n                  <\/div>\n                <\/div>\n              <\/div>\n            <\/div>\n          <\/div>\n        <\/div>\n      <\/div>\n    <\/div>\n  <\/div>\n  <div data-colibri-component=\"section\" data-colibri-id=\"303-c24\" id=\"cta\" class=\"h-section h-section-global-spacing d-flex align-items-lg-center align-items-md-center align-items-center style-572 style-local-303-c24 position-relative\">\n    <!---->\n    <!---->\n    <div class=\"h-section-grid-container h-section-boxed-container\">\n      <!---->\n      <div data-colibri-id=\"303-c25\" class=\"h-row-container gutters-row-lg-2 gutters-row-md-2 gutters-row-2 gutters-row-v-lg-2 gutters-row-v-md-2 gutters-row-v-2 style-573 style-local-303-c25 position-relative\">\n        <!---->\n        <div class=\"h-row justify-content-lg-center justify-content-md-center justify-content-center align-items-lg-stretch align-items-md-stretch align-items-stretch gutters-col-lg-2 gutters-col-md-2 gutters-col-2 gutters-col-v-lg-2 gutters-col-v-md-2 gutters-col-v-2\">\n          <!---->\n          <div class=\"h-column h-column-container d-flex h-col-lg-auto h-col-md-auto h-col-auto style-574-outer style-local-303-c26-outer\">\n            <div data-colibri-id=\"303-c26\" class=\"d-flex h-flex-basis h-column__inner h-px-lg-2 h-px-md-2 h-px-2 v-inner-lg-2 v-inner-md-2 v-inner-2 style-574 style-local-303-c26 position-relative\">\n              <!---->\n              <!---->\n              <div class=\"w-100 h-y-container h-column__content h-column__v-align flex-basis-100 align-self-lg-start align-self-md-start align-self-start\">\n                <!---->\n                <div data-colibri-id=\"303-c27\" class=\"h-row-container gutters-row-lg-0 gutters-row-md-0 gutters-row-0 gutters-row-v-lg-0 gutters-row-v-md-0 gutters-row-v-0 style-575 style-local-303-c27 position-relative\">\n                  <!---->\n                  <div class=\"h-row justify-content-lg-center justify-content-md-center justify-content-center align-items-lg-stretch align-items-md-stretch align-items-stretch gutters-col-lg-0 gutters-col-md-0 gutters-col-0 gutters-col-v-lg-0 gutters-col-v-md-0 gutters-col-v-0\">\n                    <!---->\n                    <div class=\"h-column h-column-container d-flex h-col-lg-auto h-col-md-auto h-col-auto style-576-outer style-local-303-c28-outer\">\n                      <div data-colibri-id=\"303-c28\" class=\"d-flex h-flex-basis h-column__inner h-ui-empty-state-container h-px-lg-0 h-px-md-0 h-px-0 v-inner-lg-0 v-inner-md-0 v-inner-0 style-576 style-local-303-c28 position-relative\">\n                        <div class=\"background-wrapper\">\n                          <div class=\"background-layer background-layer-media-container-lg\">\n                            <!---->\n                            <div class=\"overlay-layer\">\n                              <div class=\"overlay-image-layer\" style=\"background-image: linear-gradient(10deg, rgba(255, 255, 255, 0) 0%, rgb(255, 255, 255) 100%);\"><\/div>\n                            <\/div>\n                          <\/div>\n                          <div class=\"background-layer background-layer-media-container-md\">\n                            <!---->\n                            <div class=\"overlay-layer\">\n                              <div class=\"overlay-image-layer\" style=\"background-image: linear-gradient(10deg, rgba(255, 255, 255, 0) 0%, rgb(255, 255, 255) 100%);\"><\/div>\n                            <\/div>\n                          <\/div>\n                          <div class=\"background-layer background-layer-media-container\">\n                            <!---->\n                            <div class=\"overlay-layer\">\n                              <div class=\"overlay-image-layer\" style=\"background-image: linear-gradient(10deg, rgba(255, 255, 255, 0) 0%, rgb(255, 255, 255) 100%);\"><\/div>\n                            <\/div>\n                          <\/div>\n                        <\/div>\n                        <!---->\n                        <div class=\"w-100 h-y-container h-column__content h-column__v-align flex-basis-100\">\n                          <!---->\n                        <\/div>\n                      <\/div>\n                    <\/div>\n                    <div class=\"h-column h-column-container d-flex h-col-lg-auto h-col-md-auto h-col-auto style-577-outer style-local-303-c29-outer\">\n                      <div data-colibri-id=\"303-c29\" class=\"d-flex h-flex-basis h-column__inner h-px-lg-2 h-px-md-2 h-px-2 v-inner-lg-2 v-inner-md-2 v-inner-2 style-577 style-local-303-c29 position-relative\">\n                        <!---->\n                        <!---->\n                        <div class=\"w-100 h-y-container h-column__content h-column__v-align flex-basis-100 align-self-lg-center align-self-md-center align-self-center\">\n                          <!---->\n                          <div data-colibri-id=\"303-c30\" class=\"h-global-transition-all h-heading style-578 style-local-303-c30 position-relative h-element\">\n                            <!---->\n                            <div class=\"h-heading__outer style-578 style-local-303-c30\">\n                              <!---->\n                              <!---->\n                              <h2 class=\"\">Cl\u00ednica Fuentealba busca&nbsp;<strong>Psic\u00f3logo<\/strong><\/h2>\n                            <\/div>\n                          <\/div>\n                          <div data-colibri-id=\"303-c31\" class=\"h-lead h-text h-text-component style-579 style-local-303-c31 position-relative h-element\">\n                            <!---->\n                            <!---->\n                            <div class=\"\">\n                              <p><strong>Requisitos:<\/strong><\/p>\n                              <ul>\n                                <li>T\u00edtulo profesional de Psicolog\u00eda (universidad acreditada)<\/li>\n                                <li>Especializaci\u00f3n o experiencia en el \u00e1rea cl\u00ednica (adultos, adolescentes o ni\u00f1os)<\/li>\n                                <li>Registro en la Superintendencia de Salud<\/li>\n                                <li>Disponibilidad m\u00ednima de 20 horas semanales<\/li>\n                                <li>Deseable experiencia en trabajo interdisciplinario<\/li>\n                              <\/ul>\n                              <p><strong>Ofrecemos:<\/strong><\/p>\n                              <ul>\n                                <li>Ambiente profesional, c\u00e1lido y colaborativo<\/li>\n                                <li>Infraestructura c\u00f3moda y moderna<\/li>\n                                <li>Apoyo administrativo y difusi\u00f3n de servicios<\/li>\n                                <li>Posibilidad de crecimiento profesional<\/li>\n                              <\/ul>\n                              <p>\n                                <br>\n                              <\/p>\n                            <\/div>\n                          <\/div>\n                          <div data-colibri-id=\"303-c32\" class=\"h-x-container style-580 style-local-303-c32 position-relative h-element\">\n                            <!---->\n                            <div class=\"h-x-container-inner style-dynamic-303-c32-group style-580-spacing style-local-303-c32-spacing\"><span class=\"h-button__outer style-581-outer style-local-303-c33-outer d-inline-flex h-element\"><a h-use-smooth-scroll=\"true\" href=\"\"  data-colibri-id=\"303-c33\" class=\"d-flex w-100 align-items-center h-button justify-content-lg-center justify-content-md-center justify-content-center style-581 style-local-303-c33 position-relative\"><!----><!----> <span>CONTACTO<\/span><\/a>\n                              <\/span>\n                            <\/div>\n                          <\/div>\n                        <\/div>\n                      <\/div>\n                    <\/div>\n                  <\/div>\n                <\/div>\n              <\/div>\n            <\/div>\n          <\/div>\n        <\/div>\n      <\/div>\n    <\/div>\n  <\/div>\n<\/div>","protected":false},"excerpt":{"rendered":"<p>Conoce todas las oportunidades laborales en nuestra Bolsa de Empleo&nbsp; \u00bfTienes un empleo para ofrecer? Comp\u00e1rtelo ac\u00e1 NUEVO EMPLEO Panaderia Del Piero busca&nbsp;Maestro Panadero Requisitos: Experiencia comprobable en panader\u00eda artesanal o tradicional Conocimiento en masas madre, fermentaci\u00f3n y horneado Puntualidad, responsabilidad y trabajo en equipo Disponibilidad para turnos temprano en la ma\u00f1ana Ofrecemos: Buen ambiente [&hellip;]<\/p>\n","protected":false},"author":1,"featured_media":0,"parent":0,"menu_order":0,"comment_status":"closed","ping_status":"closed","template":"page-templates\/full-width-page.php","meta":{"pagelayer_contact_templates":[],"_pagelayer_content":"","footnotes":""},"class_list":["post-303","page","type-page","status-publish","hentry"],"_links":{"self":[{"href":"https:\/\/alborada.online\/exalumnos\/wp-json\/wp\/v2\/pages\/303","targetHints":{"allow":["GET"]}}],"collection":[{"href":"https:\/\/alborada.online\/exalumnos\/wp-json\/wp\/v2\/pages"}],"about":[{"href":"https:\/\/alborada.online\/exalumnos\/wp-json\/wp\/v2\/types\/page"}],"author":[{"embeddable":true,"href":"https:\/\/alborada.online\/exalumnos\/wp-json\/wp\/v2\/users\/1"}],"replies":[{"embeddable":true,"href":"https:\/\/alborada.online\/exalumnos\/wp-json\/wp\/v2\/comments?post=303"}],"version-history":[{"count":10,"href":"https:\/\/alborada.online\/exalumnos\/wp-json\/wp\/v2\/pages\/303\/revisions"}],"predecessor-version":[{"id":1666,"href":"https:\/\/alborada.online\/exalumnos\/wp-json\/wp\/v2\/pages\/303\/revisions\/1666"}],"wp:attachment":[{"href":"https:\/\/alborada.online\/exalumnos\/wp-json\/wp\/v2\/media?parent=303"}],"curies":[{"name":"wp","href":"https:\/\/api.w.org\/{rel}","templated":true}]}}