{"id":3074,"date":"2024-08-28T22:06:43","date_gmt":"2024-08-28T22:06:43","guid":{"rendered":"https:\/\/alborada.online\/w3\/?page_id=3074"},"modified":"2024-08-29T02:56:46","modified_gmt":"2024-08-29T02:56:46","slug":"gestion","status":"publish","type":"page","link":"https:\/\/alborada.online\/w3\/gestion\/","title":{"rendered":"Equipo de Gesti\u00f3n"},"content":{"rendered":"<div data-colibri-id=\"3074-c1\" class=\"style-2281 style-local-3074-c1 position-relative\">\n  <!---->\n  <div data-colibri-component=\"section\" data-colibri-id=\"3074-c2\" id=\"f-a-q\" class=\"h-section h-section-global-spacing d-flex align-items-lg-center align-items-md-center align-items-center style-2282 style-local-3074-c2 position-relative\">\n    <!---->\n    <!---->\n    <div class=\"h-section-grid-container h-section-boxed-container\">\n      <!---->\n      <div data-colibri-id=\"3074-c3\" class=\"h-row-container gutters-row-lg-2 gutters-row-md-2 gutters-row-2 gutters-row-v-lg-2 gutters-row-v-md-2 gutters-row-v-2 style-2283 style-local-3074-c3 position-relative\">\n        <!---->\n        <div class=\"h-row justify-content-lg-center justify-content-md-center justify-content-center align-items-lg-stretch align-items-md-stretch align-items-stretch gutters-col-lg-2 gutters-col-md-2 gutters-col-2 gutters-col-v-lg-2 gutters-col-v-md-2 gutters-col-v-2\">\n          <!---->\n          <div class=\"h-column h-column-container d-flex h-col-lg-auto h-col-md-auto h-col-auto style-2284-outer style-local-3074-c4-outer\">\n            <div data-colibri-id=\"3074-c4\" class=\"d-flex h-flex-basis h-column__inner h-px-lg-2 h-px-md-2 h-px-2 v-inner-lg-2 v-inner-md-2 v-inner-2 style-2284 style-local-3074-c4 position-relative\">\n              <!---->\n              <!---->\n              <div class=\"w-100 h-y-container h-column__content h-column__v-align flex-basis-100 align-self-lg-start align-self-md-start align-self-start\">\n                <!---->\n                <div data-colibri-id=\"3074-c5\" class=\"h-global-transition-all h-heading style-2285 style-local-3074-c5 position-relative h-element\">\n                  <!---->\n                  <div class=\"h-heading__outer style-2285 style-local-3074-c5\">\n                    <!---->\n                    <!---->\n                    <h4 class=\"\">equipo de gesti\u00f3n<\/h4>\n                  <\/div>\n                <\/div>\n                <div data-colibri-id=\"3074-c6\" class=\"d-block style-2286 style-local-3074-c6 position-relative h-element\">\n                  <!---->\n                  <div class=\"h-image__frame-container-outer\">\n                    <div class=\"h-image__frame-container\">\n                      <!---->\n                      <!---->\n                      <img loading=\"lazy\" decoding=\"async\" width=\"600\" height=\"600\" src=\"https:\/\/alborada.online\/w3\/wp-content\/uploads\/2024\/08\/base_logo_v2_600x600.png\" class=\"wp-image-3039 style-2286-image style-local-3074-c6-image\" alt=\"\" srcset=\"https:\/\/alborada.online\/w3\/wp-content\/uploads\/2024\/08\/base_logo_v2_600x600.png 600w, https:\/\/alborada.online\/w3\/wp-content\/uploads\/2024\/08\/base_logo_v2_600x600-300x300.png 300w, https:\/\/alborada.online\/w3\/wp-content\/uploads\/2024\/08\/base_logo_v2_600x600-150x150.png 150w\" sizes=\"auto, (max-width: 600px) 100vw, 600px\" \/>\n                      <div class=\"h-image__frame h-hide-lg h-hide-md h-hide-sm style-2286-frameImage style-local-3074-c6-frameImage\"><\/div>\n                    <\/div>\n                  <\/div>\n                <\/div>\n              <\/div>\n            <\/div>\n          <\/div>\n          <div class=\"h-column h-column-container d-flex h-col-lg-auto h-col-md-auto h-col-auto style-2287-outer style-local-3074-c7-outer\">\n            <div data-colibri-id=\"3074-c7\" class=\"d-flex h-flex-basis h-column__inner h-px-lg-2 h-px-md-2 h-px-2 v-inner-lg-2 v-inner-md-2 v-inner-2 style-2287 style-local-3074-c7 position-relative\">\n              <!---->\n              <!---->\n              <div class=\"w-100 h-y-container h-column__content h-column__v-align flex-basis-100 align-self-lg-start align-self-md-start align-self-start\">\n                <!---->\n                <div data-colibri-id=\"3074-c8\" class=\"h-text h-text-component style-2288 style-local-3074-c8 position-relative h-element\">\n                  <!---->\n                  <!---->\n                  <div class=\"\">\n                    <p><span style=\"color: rgb(150, 44, 69); font-weight: 600;\">Integrado por la Directora, Subdirector Acad\u00e9mico, Subdirectora de Formaci\u00f3n y Psicolog\u00eda, Subdirector de Convivencia y coordinadores de ciclos de Preb\u00e1sica, Ense\u00f1anza B\u00e1sica y Ense\u00f1anza Media, quienes participan activa y colaborativamente en establecer las l\u00edneas de acci\u00f3n y en la toma de decisiones respecto al Colegio en su conjunto. La funci\u00f3n principal del equipo de Gesti\u00f3n es movilizar a los diferentes actores de la comunidad educativa, con el objetivo principal de fomentar el aprendizaje integral de todos los estudiantes, orientando permanentemente hacia el logro de los objetivos y metas declaradas en el plan Estrat\u00e9gico Institucional, el cual es dise\u00f1ado a partir de los principales ejes del PEI.<\/span><\/p>\n                    <p>\n                      <br>\n                    <\/p>\n                  <\/div>\n                <\/div>\n                <div data-colibri-id=\"3074-c9\" class=\"style-2289 style-local-3074-c9 h-hide-sm position-relative h-element\">\n                  <!---->\n                <\/div>\n              <\/div>\n            <\/div>\n          <\/div>\n        <\/div>\n      <\/div>\n    <\/div>\n  <\/div>\n<\/div>","protected":false},"excerpt":{"rendered":"<p>equipo de gesti\u00f3n Integrado por la Directora, Subdirector Acad\u00e9mico, Subdirectora de Formaci\u00f3n y Psicolog\u00eda, Subdirector de Convivencia y coordinadores de ciclos de Preb\u00e1sica, Ense\u00f1anza B\u00e1sica y Ense\u00f1anza Media, quienes participan activa y colaborativamente en establecer las l\u00edneas de acci\u00f3n y en la toma de decisiones respecto al Colegio en su conjunto. La funci\u00f3n principal del [&hellip;]<\/p>\n","protected":false},"author":2,"featured_media":0,"parent":0,"menu_order":0,"comment_status":"closed","ping_status":"closed","template":"page-templates\/full-width-page.php","meta":{"_acf_changed":false,"footnotes":""},"class_list":["post-3074","page","type-page","status-publish","hentry"],"acf":[],"aioseo_notices":[],"_links":{"self":[{"href":"https:\/\/alborada.online\/w3\/wp-json\/wp\/v2\/pages\/3074","targetHints":{"allow":["GET"]}}],"collection":[{"href":"https:\/\/alborada.online\/w3\/wp-json\/wp\/v2\/pages"}],"about":[{"href":"https:\/\/alborada.online\/w3\/wp-json\/wp\/v2\/types\/page"}],"author":[{"embeddable":true,"href":"https:\/\/alborada.online\/w3\/wp-json\/wp\/v2\/users\/2"}],"replies":[{"embeddable":true,"href":"https:\/\/alborada.online\/w3\/wp-json\/wp\/v2\/comments?post=3074"}],"version-history":[{"count":3,"href":"https:\/\/alborada.online\/w3\/wp-json\/wp\/v2\/pages\/3074\/revisions"}],"predecessor-version":[{"id":3148,"href":"https:\/\/alborada.online\/w3\/wp-json\/wp\/v2\/pages\/3074\/revisions\/3148"}],"wp:attachment":[{"href":"https:\/\/alborada.online\/w3\/wp-json\/wp\/v2\/media?parent=3074"}],"curies":[{"name":"wp","href":"https:\/\/api.w.org\/{rel}","templated":true}]}}