{"id":3086,"date":"2024-08-28T22:16:14","date_gmt":"2024-08-28T22:16:14","guid":{"rendered":"https:\/\/alborada.online\/w3\/?page_id=3086"},"modified":"2025-03-25T17:59:29","modified_gmt":"2025-03-25T17:59:29","slug":"mision","status":"publish","type":"page","link":"https:\/\/alborada.online\/w3\/mision\/","title":{"rendered":"Misi\u00f3n y Visi\u00f3n"},"content":{"rendered":"<div data-colibri-id=\"3086-c1\" class=\"style-2290 style-local-3086-c1 position-relative\">\n  <!---->\n  <div data-colibri-component=\"section\" data-colibri-id=\"3086-c2\" id=\"overlappable\" class=\"h-section h-section-global-spacing d-flex align-items-lg-center align-items-md-center align-items-center style-2299 style-local-3086-c2 position-relative\">\n    <!---->\n    <!---->\n    <div class=\"h-section-grid-container h-section-boxed-container\">\n      <!---->\n      <div data-colibri-id=\"3086-c3\" class=\"h-row-container gutters-row-lg-2 gutters-row-md-2 gutters-row-0 gutters-row-v-lg-2 gutters-row-v-md-2 gutters-row-v-2 style-2322 style-local-3086-c3 position-relative\">\n        <!---->\n        <div class=\"h-row justify-content-lg-center justify-content-md-center justify-content-center align-items-lg-stretch align-items-md-stretch align-items-stretch gutters-col-lg-2 gutters-col-md-2 gutters-col-0 gutters-col-v-lg-2 gutters-col-v-md-2 gutters-col-v-2\">\n          <!---->\n          <div class=\"h-column h-column-container d-flex h-col-lg-auto h-col-md-auto h-col-auto style-2323-outer style-local-3086-c4-outer\">\n            <div data-colibri-id=\"3086-c4\" class=\"d-flex h-flex-basis h-column__inner h-px-lg-2 h-px-md-2 h-px-2 v-inner-lg-2 v-inner-md-2 v-inner-2 style-2323 style-local-3086-c4 position-relative\">\n              <!---->\n              <!---->\n              <div class=\"w-100 h-y-container h-column__content h-column__v-align flex-basis-100 align-self-lg-start align-self-md-start align-self-start\">\n                <!---->\n                <div data-colibri-id=\"3086-c5\" class=\"style-2315 style-local-3086-c5 position-relative h-element\">\n                  <!---->\n                <\/div>\n              <\/div>\n            <\/div>\n          <\/div>\n        <\/div>\n      <\/div>\n      <div data-colibri-id=\"3086-c6\" class=\"h-row-container gutters-row-lg-0 gutters-row-md-0 gutters-row-0 gutters-row-v-lg-0 gutters-row-v-md-0 gutters-row-v-0 style-2300 style-local-3086-c6 position-relative\">\n        <!---->\n        <div class=\"h-row justify-content-lg-center justify-content-md-center justify-content-center align-items-lg-stretch align-items-md-stretch align-items-stretch gutters-col-lg-0 gutters-col-md-0 gutters-col-0 gutters-col-v-lg-0 gutters-col-v-md-0 gutters-col-v-0\">\n          <!---->\n          <div class=\"h-column h-column-container d-flex h-col-lg-6 h-col-md-6 h-col-12 style-2301-outer style-local-3086-c7-outer\">\n            <div data-colibri-id=\"3086-c7\" class=\"d-flex h-flex-basis h-column__inner h-ui-empty-state-container h-px-lg-0 h-px-md-0 h-px-0 v-inner-lg-0 v-inner-md-0 v-inner-0 style-2301 style-local-3086-c7 position-relative\">\n              <!---->\n              <!---->\n              <div class=\"w-100 h-y-container h-column__content h-column__v-align flex-basis-100\">\n                <!---->\n              <\/div>\n            <\/div>\n          <\/div>\n          <div class=\"h-column h-column-container d-flex h-col-lg-6 h-col-md-6 h-col-12 style-2302-outer style-local-3086-c8-outer\">\n            <div data-colibri-id=\"3086-c8\" class=\"d-flex h-flex-basis h-column__inner h-px-lg-2 h-px-md-2 h-px-2 v-inner-lg-2 v-inner-md-2 v-inner-2 style-2302 style-local-3086-c8 position-relative\">\n              <!---->\n              <!---->\n              <div class=\"w-100 h-y-container h-column__content h-column__v-align flex-basis-100 align-self-lg-center align-self-md-center align-self-center\">\n                <!---->\n                <div data-colibri-id=\"3086-c9\" class=\"style-2308 style-local-3086-c9 position-relative h-element\">\n                  <!---->\n                <\/div>\n                <div data-colibri-id=\"3086-c10\" class=\"h-global-transition-all h-heading style-2303 style-local-3086-c10 position-relative h-element\">\n                  <!---->\n                  <div class=\"h-heading__outer style-2303 style-local-3086-c10\">\n                    <!---->\n                    <!---->\n                    <h4 class=\"\">misi\u00f3n<\/h4>\n                  <\/div>\n                <\/div>\n                <div data-colibri-id=\"3086-c11\" class=\"h-text h-text-component style-2304 style-local-3086-c11 position-relative h-element\">\n                  <!---->\n                  <!---->\n                  <div class=\"\">\n                    <p><span style=\"font-weight: 600; color: rgb(150, 44, 69);\">Educar personas en los principios morales cristianos para enfrentar los desaf\u00edos de la cultura actual, con alto nivel de exigencia acad\u00e9mica, respetando sus capacidades, form\u00e1ndolos integralmente para insertarse en el mundo globalizado y pluricultural con actitudes de emprendimiento y liderazgo que les permitan asumir responsable y solidariamente su entorno natural y social.<\/span><\/p>\n                  <\/div>\n                <\/div>\n              <\/div>\n            <\/div>\n          <\/div>\n          <div class=\"h-column h-column-container d-flex h-col-lg-6 h-col-md-6 h-col-12 style-2302-outer style-local-3086-c12-outer\">\n            <div data-colibri-id=\"3086-c12\" class=\"d-flex h-flex-basis h-column__inner h-px-lg-2 h-px-md-2 h-px-2 v-inner-lg-2 v-inner-md-2 v-inner-2 style-2302 style-local-3086-c12 position-relative\">\n              <!---->\n              <!---->\n              <div class=\"w-100 h-y-container h-column__content h-column__v-align flex-basis-100 align-self-lg-center align-self-md-center align-self-center\">\n                <!---->\n                <div data-colibri-id=\"3086-c13\" class=\"style-2326 style-local-3086-c13 position-relative h-element\">\n                  <!---->\n                <\/div>\n                <div data-colibri-id=\"3086-c14\" class=\"h-global-transition-all h-heading style-2303 style-local-3086-c14 position-relative h-element\">\n                  <!---->\n                  <div class=\"h-heading__outer style-2303 style-local-3086-c14\">\n                    <!---->\n                    <!---->\n                    <h4 class=\"\">Visi\u00f3n<\/h4>\n                  <\/div>\n                <\/div>\n                <div data-colibri-id=\"3086-c15\" class=\"style-2324 style-local-3086-c15 position-relative h-element\">\n                  <!---->\n                <\/div>\n                <div data-colibri-id=\"3086-c16\" class=\"h-text h-text-component style-2304 style-local-3086-c16 position-relative h-element\">\n                  <!---->\n                  <!---->\n                  <div class=\"\">\n                    <p><span style=\"color: rgb(150, 44, 69); font-weight: 600;\">Aspiramos a formar l\u00edderes con compromiso social, mediante una educaci\u00f3n de excelencia en lo acad\u00e9mico, deportivo, art\u00edstico y val\u00f3rico, logrando al a\u00f1o 2030 ser un referente como establecimiento educacional a nivel regional y nacional en convivencia escolar y resultados de aprendizaje.<\/span><\/p>\n                  <\/div>\n                <\/div>\n              <\/div>\n            <\/div>\n          <\/div>\n          <div class=\"h-column h-column-container d-flex h-col-lg-6 h-col-md-6 h-col-12 style-2307-outer style-local-3086-c17-outer\">\n            <div data-colibri-id=\"3086-c17\" class=\"d-flex h-flex-basis h-column__inner h-ui-empty-state-container h-px-lg-0 h-px-md-0 h-px-0 v-inner-lg-0 v-inner-md-0 v-inner-0 style-2307 style-local-3086-c17 position-relative\">\n              <!---->\n              <!---->\n              <div class=\"w-100 h-y-container h-column__content h-column__v-align flex-basis-100\">\n                <!---->\n              <\/div>\n            <\/div>\n          <\/div>\n        <\/div>\n      <\/div>\n    <\/div>\n  <\/div>\n<\/div>","protected":false},"excerpt":{"rendered":"<p>misi\u00f3n Educar personas en los principios morales cristianos para enfrentar los desaf\u00edos de la cultura actual, con alto nivel de exigencia acad\u00e9mica, respetando sus capacidades, form\u00e1ndolos integralmente para insertarse en el mundo globalizado y pluricultural con actitudes de emprendimiento y liderazgo que les permitan asumir responsable y solidariamente su entorno natural y social. Visi\u00f3n Aspiramos [&hellip;]<\/p>\n","protected":false},"author":2,"featured_media":0,"parent":0,"menu_order":0,"comment_status":"closed","ping_status":"closed","template":"page-templates\/full-width-page.php","meta":{"_acf_changed":false,"footnotes":""},"class_list":["post-3086","page","type-page","status-publish","hentry"],"acf":[],"aioseo_notices":[],"_links":{"self":[{"href":"https:\/\/alborada.online\/w3\/wp-json\/wp\/v2\/pages\/3086","targetHints":{"allow":["GET"]}}],"collection":[{"href":"https:\/\/alborada.online\/w3\/wp-json\/wp\/v2\/pages"}],"about":[{"href":"https:\/\/alborada.online\/w3\/wp-json\/wp\/v2\/types\/page"}],"author":[{"embeddable":true,"href":"https:\/\/alborada.online\/w3\/wp-json\/wp\/v2\/users\/2"}],"replies":[{"embeddable":true,"href":"https:\/\/alborada.online\/w3\/wp-json\/wp\/v2\/comments?post=3086"}],"version-history":[{"count":13,"href":"https:\/\/alborada.online\/w3\/wp-json\/wp\/v2\/pages\/3086\/revisions"}],"predecessor-version":[{"id":5202,"href":"https:\/\/alborada.online\/w3\/wp-json\/wp\/v2\/pages\/3086\/revisions\/5202"}],"wp:attachment":[{"href":"https:\/\/alborada.online\/w3\/wp-json\/wp\/v2\/media?parent=3086"}],"curies":[{"name":"wp","href":"https:\/\/api.w.org\/{rel}","templated":true}]}}