{"id":8865,"date":"2026-03-11T10:56:26","date_gmt":"2026-03-11T13:56:26","guid":{"rendered":"https:\/\/alborada.online\/w3\/?page_id=8865"},"modified":"2026-03-11T11:54:45","modified_gmt":"2026-03-11T14:54:45","slug":"%f0%9f%94%92-acceso-apoderados","status":"publish","type":"page","link":"https:\/\/alborada.online\/w3\/%f0%9f%94%92-acceso-apoderados\/","title":{"rendered":"\ud83d\udd12 Acceso Apoderados"},"content":{"rendered":"<div class=\"acceso-apoderados-wrap\">\n<div class=\"acceso-apoderados-hero\">\n<div class=\"acceso-apoderados-hero-inner\">\n<h1>Acceso Apoderados<\/h1>\n<p>En esta secci\u00f3n podr\u00e1 ingresar a la informaci\u00f3n interna de cada curso, incluyendo videos de bienvenida, horarios, calendario de evaluaciones y talleres.<\/p>\n<\/div>\n<\/div>\n<div class=\"acceso-apoderados-box\">\n<h2>Informaci\u00f3n importante<\/h2>\n<p>Para acceder a las p\u00e1ginas de curso, es necesario ingresar la <strong>clave institucional del colegio<\/strong>.<\/p>\n<p>Si usted es apoderado y no dispone de esta clave, puede solicitarla directamente en <strong>Secretar\u00eda del colegio<\/strong>.<\/p>\n<p class=\"acceso-apoderados-aviso\">Le recordamos que esta informaci\u00f3n es de uso interno para la comunidad educativa.<\/p>\n<\/div>\n<div class=\"acceso-apoderados-box\">\n<h2>Seleccione el curso correspondiente<\/h2>\n<div class=\"acceso-cursos-grid\"><a class=\"acceso-curso-btn\" href=\"https:\/\/alborada.online\/w3\/medio-menor\/\">Medio Menor<\/a> <a class=\"acceso-curso-btn\" href=\"https:\/\/alborada.online\/w3\/playgroupa\/\">Playgroup A<\/a> <a class=\"acceso-curso-btn\" href=\"https:\/\/alborada.online\/w3\/play-group-b\/\">Playgroup B<\/a> <a class=\"acceso-curso-btn\" href=\"https:\/\/alborada.online\/w3\/pre-kinder-a\/\">Prekinder A<\/a> <a class=\"acceso-curso-btn\" href=\"https:\/\/alborada.online\/w3\/pre-kinder-b\/\">Prekinder B<\/a> <a class=\"acceso-curso-btn\" href=\"https:\/\/alborada.online\/w3\/kinder-a\/\">Kinder A<\/a> <a class=\"acceso-curso-btn\" href=\"https:\/\/alborada.online\/w3\/kinder-b\/\">Kinder B<\/a> <a class=\"acceso-curso-btn\" href=\"https:\/\/alborada.online\/w3\/primero-basico-a\/\">1\u00b0 B\u00e1sico A<\/a> <a class=\"acceso-curso-btn\" href=\"https:\/\/alborada.online\/w3\/primero-basico-b\/\">1\u00b0 B\u00e1sico B<\/a> <a class=\"acceso-curso-btn\" href=\"https:\/\/alborada.online\/w3\/segundo-basico-a\/\">2\u00b0 B\u00e1sico A<\/a> <a class=\"acceso-curso-btn\" href=\"https:\/\/alborada.online\/w3\/segundo-basico-b\/\">2\u00b0 B\u00e1sico B<\/a> <a class=\"acceso-curso-btn\" href=\"https:\/\/alborada.online\/w3\/tercero-basico-a\/\">3\u00b0 B\u00e1sico A<\/a> <a class=\"acceso-curso-btn\" href=\"https:\/\/alborada.online\/w3\/tercero-basico-b\/\">3\u00b0 B\u00e1sico B<\/a> <a class=\"acceso-curso-btn\" href=\"https:\/\/alborada.online\/w3\/cuarto-basico-a\/\">4\u00b0 B\u00e1sico A<\/a> <a class=\"acceso-curso-btn\" href=\"https:\/\/alborada.online\/w3\/cuartotercero-basico-b\/\">4\u00b0 B\u00e1sico B<\/a> <a class=\"acceso-curso-btn\" href=\"https:\/\/alborada.online\/w3\/quinto-basico-a\/\">5\u00b0 B\u00e1sico A<\/a> <a class=\"acceso-curso-btn\" href=\"https:\/\/alborada.online\/w3\/quinto-basico-b\/\">5\u00b0 B\u00e1sico B<\/a> <a class=\"acceso-curso-btn\" href=\"https:\/\/alborada.online\/w3\/sexto-basico-a\/\">6\u00b0 B\u00e1sico A<\/a> <a class=\"acceso-curso-btn\" href=\"https:\/\/alborada.online\/w3\/sexto-basico-b\/\">6\u00b0 B\u00e1sico B<\/a> <a class=\"acceso-curso-btn\" href=\"https:\/\/alborada.online\/w3\/septimo-basico-a\/\">7\u00b0 B\u00e1sico A<\/a> <a class=\"acceso-curso-btn\" href=\"https:\/\/alborada.online\/w3\/septimo-basico-b\/\">7\u00b0 B\u00e1sico B<\/a> <a class=\"acceso-curso-btn\" href=\"https:\/\/alborada.online\/w3\/octavo-basico-a\/\">8\u00b0 B\u00e1sico<\/a> <a class=\"acceso-curso-btn\" href=\"https:\/\/alborada.online\/w3\/primero-medio-a\/\">1\u00b0 Medio<\/a> <a class=\"acceso-curso-btn\" href=\"https:\/\/alborada.online\/w3\/segundo-medio-a\/\">2\u00b0 Medio<\/a> <a class=\"acceso-curso-btn\" href=\"https:\/\/alborada.online\/w3\/tercero-medio-a\/\">3\u00b0 Medio<\/a> <a class=\"acceso-curso-btn\" href=\"https:\/\/alborada.online\/w3\/cuarto-medio-a\/\">4\u00b0 Medio<\/a><\/div>\n<\/div>\n<\/div>\n","protected":false},"excerpt":{"rendered":"<p>Acceso Apoderados En esta secci\u00f3n podr\u00e1 ingresar a la informaci\u00f3n interna de cada curso, incluyendo videos de bienvenida, horarios, calendario de evaluaciones y talleres. Informaci\u00f3n importante Para acceder a las p\u00e1ginas de curso, es necesario ingresar la clave institucional del colegio. Si usted es apoderado y no dispone de esta clave, puede solicitarla directamente en [&hellip;]<\/p>\n","protected":false},"author":2,"featured_media":0,"parent":0,"menu_order":0,"comment_status":"closed","ping_status":"closed","template":"","meta":{"_acf_changed":false,"footnotes":""},"class_list":["post-8865","page","type-page","status-publish","hentry"],"acf":[],"aioseo_notices":[],"_links":{"self":[{"href":"https:\/\/alborada.online\/w3\/wp-json\/wp\/v2\/pages\/8865","targetHints":{"allow":["GET"]}}],"collection":[{"href":"https:\/\/alborada.online\/w3\/wp-json\/wp\/v2\/pages"}],"about":[{"href":"https:\/\/alborada.online\/w3\/wp-json\/wp\/v2\/types\/page"}],"author":[{"embeddable":true,"href":"https:\/\/alborada.online\/w3\/wp-json\/wp\/v2\/users\/2"}],"replies":[{"embeddable":true,"href":"https:\/\/alborada.online\/w3\/wp-json\/wp\/v2\/comments?post=8865"}],"version-history":[{"count":0,"href":"https:\/\/alborada.online\/w3\/wp-json\/wp\/v2\/pages\/8865\/revisions"}],"wp:attachment":[{"href":"https:\/\/alborada.online\/w3\/wp-json\/wp\/v2\/media?parent=8865"}],"curies":[{"name":"wp","href":"https:\/\/api.w.org\/{rel}","templated":true}]}}